{"id":3370,"date":"2025-01-26T20:15:32","date_gmt":"2025-01-26T20:15:32","guid":{"rendered":"https:\/\/revitalize.vip\/checklist-preoperatoria-del-paciente\/"},"modified":"2025-03-15T16:31:00","modified_gmt":"2025-03-15T16:31:00","slug":"checklist-preoperatoria-del-paciente","status":"publish","type":"page","link":"https:\/\/revitalize.vip\/es\/checklist-preoperatoria-del-paciente\/","title":{"rendered":"Checklist preoperatoria del paciente"},"content":{"rendered":"\t\t<div data-elementor-type=\"wp-page\" data-elementor-id=\"3370\" class=\"elementor elementor-3370 elementor-3255\" data-elementor-post-type=\"page\">\n\t\t\t\t<div class=\"elementor-element elementor-element-1b7cb57 e-flex e-con-boxed e-con e-parent\" data-id=\"1b7cb57\" data-element_type=\"container\" data-e-type=\"container\">\n\t\t\t\t\t<div class=\"e-con-inner\">\n\t\t\t\t<div class=\"elementor-element elementor-element-10afb57 jet-breadcrumbs-align-left elementor-widget elementor-widget-jet-breadcrumbs\" data-id=\"10afb57\" data-element_type=\"widget\" data-e-type=\"widget\" data-widget_type=\"jet-breadcrumbs.default\">\n\t\t\t\t<div class=\"elementor-widget-container\">\n\t\t\t\t\t<div class=\"elementor-jet-breadcrumbs jet-blocks\">\n\t\t<div class=\"jet-breadcrumbs\">\n\t\t<div class=\"jet-breadcrumbs__content\">\n\t\t<div class=\"jet-breadcrumbs__wrap\"><div class=\"jet-breadcrumbs__item\"><a href=\"https:\/\/revitalize.vip\/es\/\" class=\"jet-breadcrumbs__item-link is-home\" rel=\"home\" title=\"Inicio\">Inicio<\/a><\/div>\n\t\t<\/div>\n\t\t<\/div>\n\t\t<\/div><\/div>\t\t\t\t<\/div>\n\t\t\t\t<\/div>\n\t\t\t\t<div class=\"elementor-element elementor-element-3852606 elementor-invisible elementor-widget elementor-widget-heading\" data-id=\"3852606\" data-element_type=\"widget\" data-e-type=\"widget\" data-settings=\"{&quot;_animation&quot;:&quot;fadeInLeft&quot;,&quot;_animation_delay&quot;:200}\" data-widget_type=\"heading.default\">\n\t\t\t\t<div class=\"elementor-widget-container\">\n\t\t\t\t\t<h2 class=\"elementor-heading-title elementor-size-default\">Checklist preoperatoria del paciente<\/h2>\t\t\t\t<\/div>\n\t\t\t\t<\/div>\n\t\t<div class=\"elementor-element elementor-element-5d7b3fb e-con-full e-grid e-con e-child\" data-id=\"5d7b3fb\" data-element_type=\"container\" data-e-type=\"container\">\n\t\t<div class=\"elementor-element elementor-element-8067565 e-con-full e-flex e-con e-child\" data-id=\"8067565\" data-element_type=\"container\" data-e-type=\"container\">\n\t\t\t\t<div class=\"elementor-element elementor-element-e25e7b9 elementor-invisible elementor-widget elementor-widget-text-editor\" data-id=\"e25e7b9\" data-element_type=\"widget\" data-e-type=\"widget\" data-settings=\"{&quot;_animation&quot;:&quot;fadeInLeft&quot;,&quot;_animation_delay&quot;:400}\" data-widget_type=\"text-editor.default\">\n\t\t\t\t<div class=\"elementor-widget-container\">\n\t\t\t\t\t\t\t\t\t<p>Este documento contiene toda la informaci\u00f3n que necesita para su pr\u00f3xima intervenci\u00f3n quir\u00fargica, incluida una lista de comprobaci\u00f3n para los d\u00edas previos. Su objetivo es proporcionar una breve visi\u00f3n general para ayudar a garantizar una experiencia quir\u00fargica sin problemas. <\/p>\n<p>Recibir\u00e1 instrucciones m\u00e1s detalladas por separado. Revise detenidamente esta informaci\u00f3n y p\u00f3ngase en contacto con nosotros inmediatamente si tiene alguna duda. <\/p>\n<p>Le recomendamos que descargue el documento que figura a continuaci\u00f3n, lo imprima y rellene el formulario marcando las casillas correspondientes. Recuerde que el documento est\u00e1 en ingl\u00e9s, as\u00ed que recuerde tener ayuda para completarlo en caso de ser necesario.<\/p>\n\t\t\t\t\t\t\t\t<\/div>\n\t\t\t\t<\/div>\n\t\t\t\t<div class=\"elementor-element elementor-element-2f55c25 elementor-widget__width-inherit elementor-align-left elementor-mobile-align-justify elementor-invisible elementor-widget elementor-widget-button\" data-id=\"2f55c25\" data-element_type=\"widget\" data-e-type=\"widget\" data-settings=\"{&quot;_animation&quot;:&quot;zoomIn&quot;,&quot;_animation_delay&quot;:200}\" data-widget_type=\"button.default\">\n\t\t\t\t<div class=\"elementor-widget-container\">\n\t\t\t\t\t\t\t\t\t<div class=\"elementor-button-wrapper\">\n\t\t\t\t\t<a class=\"elementor-button elementor-button-link elementor-size-sm elementor-animation-grow\" href=\"https:\/\/revitalize.vip\/wp-content\/uploads\/2025\/02\/Patient-Pre-Op-Checklist.pdf\" target=\"_blank\">\n\t\t\t\t\t\t<span class=\"elementor-button-content-wrapper\">\n\t\t\t\t\t\t<span class=\"elementor-button-icon\">\n\t\t\t\t<svg aria-hidden=\"true\" class=\"e-font-icon-svg e-fas-file-download\" viewBox=\"0 0 384 512\" xmlns=\"http:\/\/www.w3.org\/2000\/svg\"><path d=\"M224 136V0H24C10.7 0 0 10.7 0 24v464c0 13.3 10.7 24 24 24h336c13.3 0 24-10.7 24-24V160H248c-13.2 0-24-10.8-24-24zm76.45 211.36l-96.42 95.7c-6.65 6.61-17.39 6.61-24.04 0l-96.42-95.7C73.42 337.29 80.54 320 94.82 320H160v-80c0-8.84 7.16-16 16-16h32c8.84 0 16 7.16 16 16v80h65.18c14.28 0 21.4 17.29 11.27 27.36zM377 105L279.1 7c-4.5-4.5-10.6-7-17-7H256v128h128v-6.1c0-6.3-2.5-12.4-7-16.9z\"><\/path><\/svg>\t\t\t<\/span>\n\t\t\t\t\t\t\t\t\t<span class=\"elementor-button-text\">DESCARGAR PDF<\/span>\n\t\t\t\t\t<\/span>\n\t\t\t\t\t<\/a>\n\t\t\t\t<\/div>\n\t\t\t\t\t\t\t\t<\/div>\n\t\t\t\t<\/div>\n\t\t\t\t<\/div>\n\t\t\t\t<div class=\"elementor-element elementor-element-9bcb69e elementor-widget elementor-widget-image\" data-id=\"9bcb69e\" data-element_type=\"widget\" data-e-type=\"widget\" data-widget_type=\"image.default\">\n\t\t\t\t<div class=\"elementor-widget-container\">\n\t\t\t\t\t\t\t\t\t\t\t\t\t\t\t<img fetchpriority=\"high\" decoding=\"async\" width=\"800\" height=\"838\" src=\"https:\/\/revitalize.vip\/wp-content\/uploads\/2024\/08\/Gaby-with-patient-R-cropped.jpg\" class=\"attachment-large size-large wp-image-2408\" alt=\"\" srcset=\"https:\/\/revitalize.vip\/wp-content\/uploads\/2024\/08\/Gaby-with-patient-R-cropped.jpg 914w, https:\/\/revitalize.vip\/wp-content\/uploads\/2024\/08\/Gaby-with-patient-R-cropped-287x300.jpg 287w, https:\/\/revitalize.vip\/wp-content\/uploads\/2024\/08\/Gaby-with-patient-R-cropped-768x804.jpg 768w\" sizes=\"(max-width: 800px) 100vw, 800px\" \/>\t\t\t\t\t\t\t\t\t\t\t\t\t\t\t<\/div>\n\t\t\t\t<\/div>\n\t\t\t\t<\/div>\n\t\t\t\t<div class=\"elementor-element elementor-element-7472be8 elementor-absolute elementor-widget elementor-widget-image\" data-id=\"7472be8\" data-element_type=\"widget\" data-e-type=\"widget\" data-settings=\"{&quot;_position&quot;:&quot;absolute&quot;}\" data-widget_type=\"image.default\">\n\t\t\t\t<div class=\"elementor-widget-container\">\n\t\t\t\t\t\t\t\t\t\t\t\t\t\t\t<img decoding=\"async\" width=\"106\" height=\"104\" src=\"https:\/\/revitalize.vip\/wp-content\/uploads\/2024\/03\/Recurso-1.svg\" class=\"attachment-large size-large wp-image-1619\" alt=\"\" \/>\t\t\t\t\t\t\t\t\t\t\t\t\t\t\t<\/div>\n\t\t\t\t<\/div>\n\t\t\t\t\t<\/div>\n\t\t\t\t<\/div>\n\t\t\t\t<\/div>\n\t\t","protected":false},"excerpt":{"rendered":"<p>Home Checklist preoperatoria del paciente Este documento contiene toda la informaci\u00f3n que necesita para su pr\u00f3xima intervenci\u00f3n quir\u00fargica, incluida una lista de comprobaci\u00f3n para los d\u00edas previos. Su objetivo es proporcionar una breve visi\u00f3n general para ayudar a garantizar una experiencia quir\u00fargica sin problemas. Recibir\u00e1 instrucciones m\u00e1s detalladas por separado. Revise detenidamente esta informaci\u00f3n y [&hellip;]<\/p>\n","protected":false},"author":1,"featured_media":0,"parent":0,"menu_order":0,"comment_status":"closed","ping_status":"closed","template":"","meta":{"footnotes":""},"class_list":["post-3370","page","type-page","status-publish","hentry"],"_links":{"self":[{"href":"https:\/\/revitalize.vip\/es\/wp-json\/wp\/v2\/pages\/3370","targetHints":{"allow":["GET"]}}],"collection":[{"href":"https:\/\/revitalize.vip\/es\/wp-json\/wp\/v2\/pages"}],"about":[{"href":"https:\/\/revitalize.vip\/es\/wp-json\/wp\/v2\/types\/page"}],"author":[{"embeddable":true,"href":"https:\/\/revitalize.vip\/es\/wp-json\/wp\/v2\/users\/1"}],"replies":[{"embeddable":true,"href":"https:\/\/revitalize.vip\/es\/wp-json\/wp\/v2\/comments?post=3370"}],"version-history":[{"count":1,"href":"https:\/\/revitalize.vip\/es\/wp-json\/wp\/v2\/pages\/3370\/revisions"}],"predecessor-version":[{"id":3371,"href":"https:\/\/revitalize.vip\/es\/wp-json\/wp\/v2\/pages\/3370\/revisions\/3371"}],"wp:attachment":[{"href":"https:\/\/revitalize.vip\/es\/wp-json\/wp\/v2\/media?parent=3370"}],"curies":[{"name":"wp","href":"https:\/\/api.w.org\/{rel}","templated":true}]}}