{"id":3455,"date":"2024-09-09T04:12:57","date_gmt":"2024-09-09T04:12:57","guid":{"rendered":"https:\/\/revitalize.vip\/financiacion\/"},"modified":"2025-05-03T00:19:04","modified_gmt":"2025-05-03T00:19:04","slug":"financiacion","status":"publish","type":"page","link":"https:\/\/revitalize.vip\/es\/financiacion\/","title":{"rendered":"Financiaci\u00f3n"},"content":{"rendered":"\t\t<div data-elementor-type=\"wp-page\" data-elementor-id=\"3455\" class=\"elementor elementor-3455 elementor-2732\" data-elementor-post-type=\"page\">\n\t\t\t\t<div class=\"elementor-element elementor-element-f44b4a0 e-flex e-con-boxed e-con e-parent\" data-id=\"f44b4a0\" data-element_type=\"container\" data-e-type=\"container\">\n\t\t\t\t\t<div class=\"e-con-inner\">\n\t\t\t\t<div class=\"elementor-element elementor-element-d7e9979 jet-breadcrumbs-align-left elementor-widget elementor-widget-jet-breadcrumbs\" data-id=\"d7e9979\" data-element_type=\"widget\" data-e-type=\"widget\" data-widget_type=\"jet-breadcrumbs.default\">\n\t\t\t\t<div class=\"elementor-widget-container\">\n\t\t\t\t\t<div class=\"elementor-jet-breadcrumbs jet-blocks\">\n\t\t<div class=\"jet-breadcrumbs\">\n\t\t<div class=\"jet-breadcrumbs__content\">\n\t\t<div class=\"jet-breadcrumbs__wrap\"><div class=\"jet-breadcrumbs__item\"><a href=\"https:\/\/revitalize.vip\/es\/\" class=\"jet-breadcrumbs__item-link is-home\" rel=\"home\" title=\"Inicio\">Inicio<\/a><\/div>\n\t\t<\/div>\n\t\t<\/div>\n\t\t<\/div><\/div>\t\t\t\t<\/div>\n\t\t\t\t<\/div>\n\t\t\t\t<div class=\"elementor-element elementor-element-c1a3b3c elementor-invisible elementor-widget elementor-widget-heading\" data-id=\"c1a3b3c\" data-element_type=\"widget\" data-e-type=\"widget\" data-settings=\"{&quot;_animation&quot;:&quot;fadeInLeft&quot;,&quot;_animation_delay&quot;:200}\" data-widget_type=\"heading.default\">\n\t\t\t\t<div class=\"elementor-widget-container\">\n\t\t\t\t\t<h2 class=\"elementor-heading-title elementor-size-default\">\u00bfNecesita ayuda para financiar su atenci\u00f3n sanitaria?<\/h2>\t\t\t\t<\/div>\n\t\t\t\t<\/div>\n\t\t\t\t<div class=\"elementor-element elementor-element-9aa99b1 elementor-invisible elementor-widget elementor-widget-text-editor\" data-id=\"9aa99b1\" data-element_type=\"widget\" data-e-type=\"widget\" data-settings=\"{&quot;_animation&quot;:&quot;fadeInLeft&quot;,&quot;_animation_delay&quot;:400}\" data-widget_type=\"text-editor.default\">\n\t\t\t\t<div class=\"elementor-widget-container\">\n\t\t\t\t\t\t\t\t\t<p><span style=\"font-weight: 400;\">Muchos de nuestros pacientes han descubierto que la financiaci\u00f3n puede ser una forma c\u00f3moda y asequible de alcanzar sus objetivos est\u00e9ticos. Con los planes de pago flexibles, puede distribuir el coste de su procedimiento y evitar un pago inicial significativo. <\/span><\/p><p><span style=\"font-weight: 400;\">Trabajamos con dos socios financieros que ofrecen tipos de inter\u00e9s competitivos y condiciones que se adaptan a su presupuesto. Si opta por la financiaci\u00f3n, podr\u00e1 disfrutar de las ventajas de la intervenci\u00f3n que desee sin tener que soportar la carga econ\u00f3mica. Explore sus opciones a continuaci\u00f3n y seleccione el plan que mejor se ajuste a su presupuesto y preferencias.  <\/span><\/p>\t\t\t\t\t\t\t\t<\/div>\n\t\t\t\t<\/div>\n\t\t<div class=\"elementor-element elementor-element-6bad626 e-grid e-con-full e-con e-child\" data-id=\"6bad626\" data-element_type=\"container\" data-e-type=\"container\" data-settings=\"{&quot;background_background&quot;:&quot;classic&quot;}\">\n\t\t<div class=\"elementor-element elementor-element-2193c19 e-flex e-con-boxed e-con e-child\" data-id=\"2193c19\" data-element_type=\"container\" data-e-type=\"container\">\n\t\t\t\t\t<div class=\"e-con-inner\">\n\t\t\t\t<div class=\"elementor-element elementor-element-39244ca elementor-widget elementor-widget-image\" data-id=\"39244ca\" data-element_type=\"widget\" data-e-type=\"widget\" data-widget_type=\"image.default\">\n\t\t\t\t<div class=\"elementor-widget-container\">\n\t\t\t\t\t\t\t\t\t\t\t\t\t\t\t<img decoding=\"async\" width=\"1\" height=\"1\" src=\"https:\/\/revitalize.vip\/wp-content\/uploads\/2024\/09\/cherry.svg\" class=\"attachment-large size-large wp-image-2736\" alt=\"\" \/>\t\t\t\t\t\t\t\t\t\t\t\t\t\t\t<\/div>\n\t\t\t\t<\/div>\n\t\t\t\t<div class=\"elementor-element elementor-element-4322f0d elementor-invisible elementor-widget elementor-widget-text-editor\" data-id=\"4322f0d\" data-element_type=\"widget\" data-e-type=\"widget\" data-settings=\"{&quot;_animation&quot;:&quot;fadeInRight&quot;,&quot;_animation_delay&quot;:200}\" data-widget_type=\"text-editor.default\">\n\t\t\t\t<div class=\"elementor-widget-container\">\n\t\t\t\t\t\t\t\t\t<p><span style=\"font-weight: 400;\">Cherry es una empresa de planes de pago que permite a los pacientes fraccionar los grandes costes de los procedimientos en cantidades mensuales m\u00e1s peque\u00f1as y manejables. Tiene una puntuaci\u00f3n de satisfacci\u00f3n del cliente casi perfecta entre sus pacientes y consultas. Los pacientes pueden presentar su solicitud en l\u00ednea en cuesti\u00f3n de minutos y recibir la aprobaci\u00f3n al instante sin necesidad de comprobar su solvencia. Cherry ofrece planes de pago de entre 3 y 60 meses, con opciones al 0% TAE. Esto permite a los pacientes obtener la atenci\u00f3n que necesitan sin tener que preocuparse por el coste inicial.    <\/span><\/p>\t\t\t\t\t\t\t\t<\/div>\n\t\t\t\t<\/div>\n\t\t\t\t<div class=\"elementor-element elementor-element-3aa37d1 elementor-invisible elementor-widget elementor-widget-heading\" data-id=\"3aa37d1\" data-element_type=\"widget\" data-e-type=\"widget\" data-settings=\"{&quot;_animation&quot;:&quot;fadeInRight&quot;}\" data-widget_type=\"heading.default\">\n\t\t\t\t<div class=\"elementor-widget-container\">\n\t\t\t\t\t<h3 class=\"elementor-heading-title elementor-size-default\">C\u00f3mo funciona:<\/h3>\t\t\t\t<\/div>\n\t\t\t\t<\/div>\n\t\t\t\t<div class=\"elementor-element elementor-element-6bdf9b3 elementor-invisible elementor-widget elementor-widget-text-editor\" data-id=\"6bdf9b3\" data-element_type=\"widget\" data-e-type=\"widget\" data-settings=\"{&quot;_animation&quot;:&quot;fadeInRight&quot;,&quot;_animation_delay&quot;:200}\" data-widget_type=\"text-editor.default\">\n\t\t\t\t<div class=\"elementor-widget-container\">\n\t\t\t\t\t\t\t\t\t<ol><li style=\"font-weight: 400;\" aria-level=\"1\"><b>Aplicaci\u00f3n:<\/b><span style=\"font-weight: 400;\"> Los pacientes solicitan financiaci\u00f3n a trav\u00e9s de Cherry directamente o de su consulta.<\/span> <\/li><li style=\"font-weight: 400;\" aria-level=\"1\"><b>Aprobaci\u00f3n:<\/b><span style=\"font-weight: 400;\"> Cherry revisa la solicitud y toma una decisi\u00f3n al instante.<\/span> <\/li><li style=\"font-weight: 400;\" aria-level=\"1\"><b>Planes de pago:<\/b><span style=\"font-weight: 400;\"> Si se aprueba, los pacientes pueden elegir un plan de pago que se adapte a su presupuesto.<\/span> <\/li><li style=\"font-weight: 400;\" aria-level=\"1\"><b>Pagos mensuales:<\/b><span> Los pacientes hacen pagos mensuales regulares a Cherry.<\/span><\/li><\/ol>\t\t\t\t\t\t\t\t<\/div>\n\t\t\t\t<\/div>\n\t\t\t\t<div class=\"elementor-element elementor-element-bc7b45b elementor-invisible elementor-widget elementor-widget-heading\" data-id=\"bc7b45b\" data-element_type=\"widget\" data-e-type=\"widget\" data-settings=\"{&quot;_animation&quot;:&quot;fadeInRight&quot;}\" data-widget_type=\"heading.default\">\n\t\t\t\t<div class=\"elementor-widget-container\">\n\t\t\t\t\t<h3 class=\"elementor-heading-title elementor-size-default\">Beneficios<\/h3>\t\t\t\t<\/div>\n\t\t\t\t<\/div>\n\t\t\t\t<div class=\"elementor-element elementor-element-8a5e413 elementor-invisible elementor-widget elementor-widget-text-editor\" data-id=\"8a5e413\" data-element_type=\"widget\" data-e-type=\"widget\" data-settings=\"{&quot;_animation&quot;:&quot;fadeInRight&quot;,&quot;_animation_delay&quot;:200}\" data-widget_type=\"text-editor.default\">\n\t\t\t\t<div class=\"elementor-widget-container\">\n\t\t\t\t\t\t\t\t\t<ul><li style=\"font-weight: 400;\" aria-level=\"1\"><b>Aplicaci\u00f3n r\u00e1pida<\/b>: <span style=\"font-weight: 400;\">El proceso de solicitud de Cherry puede completarse en tan solo 60 segundos.<\/span> <\/li><li style=\"font-weight: 400;\" aria-level=\"1\"><b>Alta tasa de aprobaci\u00f3n:<\/b> <span style=\"font-weight: 400;\">Cherry tiene una alta tasa de aprobaci\u00f3n, y su comprobaci\u00f3n de elegibilidad no afectar\u00e1 a su puntuaci\u00f3n de cr\u00e9dito.<\/span> <\/li><li style=\"font-weight: 400;\" aria-level=\"1\"><b>Comprobaci\u00f3n suave del cr\u00e9dito:<\/b> <span style=\"font-weight: 400;\">Cherry realiza una comprobaci\u00f3n de cr\u00e9dito blanda para establecer los importes de aprobaci\u00f3n y los tipos de contrato, as\u00ed como para verificar la identidad del solicitante.<\/span> <\/li><li style=\"font-weight: 400;\" aria-level=\"1\"><b>Opciones de pago flexibles:<\/b><span style=\"font-weight: 400;\"> Cherry ofrece una variedad de planes de pago, incluyendo opciones de 3, 6, 12, 18 y 24 meses. Algunos planes que cumplen los requisitos ofrecen opciones al 0% TAE.  <\/span><\/li><li style=\"font-weight: 400;\" aria-level=\"1\"><b>Pagos sin problemas<\/b>: <span style=\"font-weight: 400;\">Cherry ofrece opciones de pago autom\u00e1tico y autopago.<\/span> <\/li><li style=\"font-weight: 400;\" aria-level=\"1\"><b>Sin costes ni comisiones ocultos:<\/b> <span>Cherry no cobra costes ni tasas ocultos.<\/span><\/li><\/ul>\t\t\t\t\t\t\t\t<\/div>\n\t\t\t\t<\/div>\n\t\t\t\t<div class=\"elementor-element elementor-element-06f1408 elementor-align-center elementor-widget elementor-widget-button\" data-id=\"06f1408\" data-element_type=\"widget\" data-e-type=\"widget\" data-widget_type=\"button.default\">\n\t\t\t\t<div class=\"elementor-widget-container\">\n\t\t\t\t\t\t\t\t\t<div class=\"elementor-button-wrapper\">\n\t\t\t\t\t<a class=\"elementor-button elementor-button-link elementor-size-sm elementor-animation-grow\" href=\"https:\/\/pay.withcherry.com\/revitalizecosmeticsurgicalarts?utm_source=practice&#038;m=18288\" target=\"_blank\" rel=\"noopener\">\n\t\t\t\t\t\t<span class=\"elementor-button-content-wrapper\">\n\t\t\t\t\t\t\t\t\t<span class=\"elementor-button-text\">SOLICITAR AHORA<\/span>\n\t\t\t\t\t<\/span>\n\t\t\t\t\t<\/a>\n\t\t\t\t<\/div>\n\t\t\t\t\t\t\t\t<\/div>\n\t\t\t\t<\/div>\n\t\t\t\t\t<\/div>\n\t\t\t\t<\/div>\n\t\t<div class=\"elementor-element elementor-element-d31bc81 e-con-full e-flex e-con e-child\" data-id=\"d31bc81\" data-element_type=\"container\" data-e-type=\"container\">\n\t\t\t\t<div class=\"elementor-element elementor-element-07a6629 elementor-widget elementor-widget-image\" data-id=\"07a6629\" data-element_type=\"widget\" data-e-type=\"widget\" data-widget_type=\"image.default\">\n\t\t\t\t<div class=\"elementor-widget-container\">\n\t\t\t\t\t\t\t\t\t\t\t\t\t\t\t<img fetchpriority=\"high\" decoding=\"async\" width=\"800\" height=\"146\" src=\"https:\/\/revitalize.vip\/wp-content\/uploads\/2024\/09\/carecredit-logo-vectorSDA.png\" class=\"attachment-large size-large wp-image-2742\" alt=\"\" srcset=\"https:\/\/revitalize.vip\/wp-content\/uploads\/2024\/09\/carecredit-logo-vectorSDA.png 900w, https:\/\/revitalize.vip\/wp-content\/uploads\/2024\/09\/carecredit-logo-vectorSDA-300x55.png 300w, https:\/\/revitalize.vip\/wp-content\/uploads\/2024\/09\/carecredit-logo-vectorSDA-768x140.png 768w\" sizes=\"(max-width: 800px) 100vw, 800px\" \/>\t\t\t\t\t\t\t\t\t\t\t\t\t\t\t<\/div>\n\t\t\t\t<\/div>\n\t\t\t\t<div class=\"elementor-element elementor-element-fe43b85 elementor-invisible elementor-widget elementor-widget-text-editor\" data-id=\"fe43b85\" data-element_type=\"widget\" data-e-type=\"widget\" data-settings=\"{&quot;_animation&quot;:&quot;fadeInRight&quot;,&quot;_animation_delay&quot;:200}\" data-widget_type=\"text-editor.default\">\n\t\t\t\t<div class=\"elementor-widget-container\">\n\t\t\t\t\t\t\t\t\t<p><span style=\"font-weight: 400;\">CareCredit es una tarjeta de cr\u00e9dito de salud y bienestar que puede ayudarle a gestionar sus gastos sanitarios sin la molestia de los pagos por adelantado. Con CareCredit, puedes utilizar una l\u00ednea de cr\u00e9dito renovable para pagar tus cuidados en m\u00e1s de 260.000 centros, y no hay comisiones asociadas a la tarjeta. <\/span><\/p>\t\t\t\t\t\t\t\t<\/div>\n\t\t\t\t<\/div>\n\t\t\t\t<div class=\"elementor-element elementor-element-f77dca1 elementor-invisible elementor-widget elementor-widget-heading\" data-id=\"f77dca1\" data-element_type=\"widget\" data-e-type=\"widget\" data-settings=\"{&quot;_animation&quot;:&quot;fadeInRight&quot;}\" data-widget_type=\"heading.default\">\n\t\t\t\t<div class=\"elementor-widget-container\">\n\t\t\t\t\t<h3 class=\"elementor-heading-title elementor-size-default\">C\u00f3mo funciona:<\/h3>\t\t\t\t<\/div>\n\t\t\t\t<\/div>\n\t\t\t\t<div class=\"elementor-element elementor-element-d17ce1b elementor-invisible elementor-widget elementor-widget-text-editor\" data-id=\"d17ce1b\" data-element_type=\"widget\" data-e-type=\"widget\" data-settings=\"{&quot;_animation&quot;:&quot;fadeInRight&quot;,&quot;_animation_delay&quot;:200}\" data-widget_type=\"text-editor.default\">\n\t\t\t\t<div class=\"elementor-widget-container\">\n\t\t\t\t\t\t\t\t\t<ol><li style=\"font-weight: 400;\" aria-level=\"1\"><b>Solicitud en l\u00ednea<\/b>: <span style=\"font-weight: 400;\">Env\u00ede una sencilla solicitud para ver si est\u00e1 preaprobado.<\/span><\/li><li style=\"font-weight: 400;\" aria-level=\"1\"><b>Utilizaci\u00f3n en los proveedores participantes<\/b>: <span style=\"font-weight: 400;\">Elija entre la amplia red de proveedores sanitarios de CareCredit.<\/span><\/li><li style=\"font-weight: 400;\" aria-level=\"1\"><b>Opciones de pago flexibles:<\/b><span> Seleccione un plan de pago que se ajuste a su presupuesto, incluidas opciones de financiaci\u00f3n sin intereses para compras que cumplan los requisitos.<\/span><\/li><\/ol>\t\t\t\t\t\t\t\t<\/div>\n\t\t\t\t<\/div>\n\t\t\t\t<div class=\"elementor-element elementor-element-f97d79b elementor-invisible elementor-widget elementor-widget-heading\" data-id=\"f97d79b\" data-element_type=\"widget\" data-e-type=\"widget\" data-settings=\"{&quot;_animation&quot;:&quot;fadeInRight&quot;}\" data-widget_type=\"heading.default\">\n\t\t\t\t<div class=\"elementor-widget-container\">\n\t\t\t\t\t<h3 class=\"elementor-heading-title elementor-size-default\">Beneficios:<\/h3>\t\t\t\t<\/div>\n\t\t\t\t<\/div>\n\t\t\t\t<div class=\"elementor-element elementor-element-8990b94 elementor-invisible elementor-widget elementor-widget-text-editor\" data-id=\"8990b94\" data-element_type=\"widget\" data-e-type=\"widget\" data-settings=\"{&quot;_animation&quot;:&quot;fadeInRight&quot;,&quot;_animation_delay&quot;:200}\" data-widget_type=\"text-editor.default\">\n\t\t\t\t<div class=\"elementor-widget-container\">\n\t\t\t\t\t\t\t\t\t<ul><li style=\"font-weight: 400;\" aria-level=\"1\"><b>Financiaci\u00f3n sin intereses:<\/b> <span style=\"font-weight: 400;\">Disfrute de hasta 12 meses sin intereses en las compras que cumplan los requisitos.<\/span><\/li><li style=\"font-weight: 400;\" aria-level=\"1\"><b>Planes de pago flexibles:<\/b> <span style=\"font-weight: 400;\">Elija un plan de pago que se adapte a sus necesidades.<\/span><\/li><li style=\"font-weight: 400;\" aria-level=\"1\"><b>Amplia red de proveedores: <\/b><span style=\"font-weight: 400;\">Encuentre un proveedor que acepte CareCredit cerca de usted.<\/span><\/li><li style=\"font-weight: 400;\" aria-level=\"1\"><b>Proceso de solicitud sencillo<\/b>: <span style=\"font-weight: 400;\">Solicite en l\u00ednea en cuesti\u00f3n de minutos.<\/span><\/li><li style=\"font-weight: 400;\" aria-level=\"1\"><b>Sin cuotas anuales:<\/b> <span>A diferencia de las tarjetas de cr\u00e9dito tradicionales, CareCredit no tiene cuotas anuales.<\/span><\/li><\/ul>\t\t\t\t\t\t\t\t<\/div>\n\t\t\t\t<\/div>\n\t\t\t\t<div class=\"elementor-element elementor-element-b208b18 elementor-align-center elementor-widget elementor-widget-button\" data-id=\"b208b18\" data-element_type=\"widget\" data-e-type=\"widget\" data-widget_type=\"button.default\">\n\t\t\t\t<div class=\"elementor-widget-container\">\n\t\t\t\t\t\t\t\t\t<div class=\"elementor-button-wrapper\">\n\t\t\t\t\t<a class=\"elementor-button elementor-button-link elementor-size-sm elementor-animation-grow\" href=\"https:\/\/www.care.cr\/MNykgN6dCo\" target=\"_blank\" rel=\"noopener\">\n\t\t\t\t\t\t<span class=\"elementor-button-content-wrapper\">\n\t\t\t\t\t\t\t\t\t<span class=\"elementor-button-text\">SOLICITAR AHORA<\/span>\n\t\t\t\t\t<\/span>\n\t\t\t\t\t<\/a>\n\t\t\t\t<\/div>\n\t\t\t\t\t\t\t\t<\/div>\n\t\t\t\t<\/div>\n\t\t\t\t<\/div>\n\t\t\t\t<\/div>\n\t\t<div class=\"elementor-element elementor-element-7fd0239 e-con-full e-flex e-con e-child\" data-id=\"7fd0239\" data-element_type=\"container\" data-e-type=\"container\">\n\t\t\t\t<div class=\"elementor-element elementor-element-1e46864 elementor-widget elementor-widget-image\" data-id=\"1e46864\" data-element_type=\"widget\" data-e-type=\"widget\" data-widget_type=\"image.default\">\n\t\t\t\t<div class=\"elementor-widget-container\">\n\t\t\t\t\t\t\t\t\t\t\t\t\t\t\t<img decoding=\"async\" width=\"800\" height=\"369\" src=\"https:\/\/revitalize.vip\/wp-content\/uploads\/2025\/05\/Alphaeon_Credit_logo_registered_RGB-1024x472.png\" class=\"attachment-large size-large wp-image-3450\" alt=\"\" srcset=\"https:\/\/revitalize.vip\/wp-content\/uploads\/2025\/05\/Alphaeon_Credit_logo_registered_RGB-1024x472.png 1024w, https:\/\/revitalize.vip\/wp-content\/uploads\/2025\/05\/Alphaeon_Credit_logo_registered_RGB-300x138.png 300w, https:\/\/revitalize.vip\/wp-content\/uploads\/2025\/05\/Alphaeon_Credit_logo_registered_RGB-768x354.png 768w, https:\/\/revitalize.vip\/wp-content\/uploads\/2025\/05\/Alphaeon_Credit_logo_registered_RGB.png 1500w\" sizes=\"(max-width: 800px) 100vw, 800px\" \/>\t\t\t\t\t\t\t\t\t\t\t\t\t\t\t<\/div>\n\t\t\t\t<\/div>\n\t\t\t\t<div class=\"elementor-element elementor-element-b301d1e elementor-invisible elementor-widget elementor-widget-text-editor\" data-id=\"b301d1e\" data-element_type=\"widget\" data-e-type=\"widget\" data-settings=\"{&quot;_animation&quot;:&quot;fadeInRight&quot;,&quot;_animation_delay&quot;:200}\" data-widget_type=\"text-editor.default\">\n\t\t\t\t<div class=\"elementor-widget-container\">\n\t\t\t\t\t\t\t\t\t<p>Alpheon es una empresa de planes de pago que permite a los pacientes financiar tratamientos y procedimientos sanitarios electivos mediante c\u00f3modos plazos mensuales. Alpheon goza de una satisfacci\u00f3n excepcional tanto por parte de los pacientes como de los profesionales sanitarios. Los pacientes pueden presentar f\u00e1cilmente su solicitud en l\u00ednea y recibir una r\u00e1pida decisi\u00f3n de aprobaci\u00f3n. Alpheon ofrece una gama de planes de pago adaptados a las necesidades individuales. De este modo, los pacientes pueden acceder a los tratamientos deseados sin problemas econ\u00f3micos inmediatos.    <\/p>\t\t\t\t\t\t\t\t<\/div>\n\t\t\t\t<\/div>\n\t\t\t\t<div class=\"elementor-element elementor-element-972ae56 elementor-invisible elementor-widget elementor-widget-heading\" data-id=\"972ae56\" data-element_type=\"widget\" data-e-type=\"widget\" data-settings=\"{&quot;_animation&quot;:&quot;fadeInRight&quot;}\" data-widget_type=\"heading.default\">\n\t\t\t\t<div class=\"elementor-widget-container\">\n\t\t\t\t\t<h3 class=\"elementor-heading-title elementor-size-default\">C\u00f3mo funciona:<\/h3>\t\t\t\t<\/div>\n\t\t\t\t<\/div>\n\t\t\t\t<div class=\"elementor-element elementor-element-293ba7c elementor-invisible elementor-widget elementor-widget-text-editor\" data-id=\"293ba7c\" data-element_type=\"widget\" data-e-type=\"widget\" data-settings=\"{&quot;_animation&quot;:&quot;fadeInRight&quot;,&quot;_animation_delay&quot;:200}\" data-widget_type=\"text-editor.default\">\n\t\t\t\t<div class=\"elementor-widget-container\">\n\t\t\t\t\t\t\t\t\t<ul><li><strong>Apicaci\u00f3n:<\/strong> Los pacientes pueden solicitar la financiaci\u00f3n de Alpheon directamente o c\u00f3modamente a trav\u00e9s de la consulta de su proveedor sanitario.<\/li><li><strong>Aprobaci\u00f3n:<\/strong> Alpheon eval\u00faa r\u00e1pidamente la solicitud y toma sin demora una decisi\u00f3n de aprobaci\u00f3n.<\/li><li><strong>Planes de pago:<\/strong> Tras la aprobaci\u00f3n, los pacientes pueden elegir un plan de pago que se ajuste a sus necesidades presupuestarias.<\/li><li><strong>Pagos mensuales:<\/strong> Los pacientes realizan pagos mensuales constantes a Alpheon de acuerdo con el plan elegido.<\/li><\/ul>\t\t\t\t\t\t\t\t<\/div>\n\t\t\t\t<\/div>\n\t\t\t\t<div class=\"elementor-element elementor-element-ab15521 elementor-invisible elementor-widget elementor-widget-heading\" data-id=\"ab15521\" data-element_type=\"widget\" data-e-type=\"widget\" data-settings=\"{&quot;_animation&quot;:&quot;fadeInRight&quot;}\" data-widget_type=\"heading.default\">\n\t\t\t\t<div class=\"elementor-widget-container\">\n\t\t\t\t\t<h3 class=\"elementor-heading-title elementor-size-default\">Beneficios:<\/h3>\t\t\t\t<\/div>\n\t\t\t\t<\/div>\n\t\t\t\t<div class=\"elementor-element elementor-element-fca62e4 elementor-invisible elementor-widget elementor-widget-text-editor\" data-id=\"fca62e4\" data-element_type=\"widget\" data-e-type=\"widget\" data-settings=\"{&quot;_animation&quot;:&quot;fadeInRight&quot;,&quot;_animation_delay&quot;:200}\" data-widget_type=\"text-editor.default\">\n\t\t\t\t<div class=\"elementor-widget-container\">\n\t\t\t\t\t\t\t\t\t<ul><li><strong>Solicitud simplificada:<\/strong> El proceso de solicitud de Alpheon est\u00e1 dise\u00f1ado para ser r\u00e1pido y eficaz.<\/li><li><strong>Alto \u00edndice de aprobaci\u00f3n:<\/strong> Alpheon se compromete a ayudar a los pacientes a acceder a la atenci\u00f3n que necesitan gracias a sus elevados \u00edndices de aprobaci\u00f3n.<\/li><li><strong>Opciones de pago flexibles:<\/strong> Alpheon ofrece diversas opciones de planes de pago para adaptarse a distintas situaciones financieras.<\/li><li><strong>M\u00e9todos de pago c\u00f3modos:<\/strong> Alpheon ofrece opciones f\u00e1ciles de usar para realizar pagos.<\/li><li><strong>T\u00e9rminos transparentes<\/strong>: Alpheon garantiza la claridad sin costes ni tasas inesperados.<\/li><\/ul>\t\t\t\t\t\t\t\t<\/div>\n\t\t\t\t<\/div>\n\t\t\t\t<div class=\"elementor-element elementor-element-1f76416 elementor-align-center elementor-widget elementor-widget-button\" data-id=\"1f76416\" data-element_type=\"widget\" data-e-type=\"widget\" data-widget_type=\"button.default\">\n\t\t\t\t<div class=\"elementor-widget-container\">\n\t\t\t\t\t\t\t\t\t<div class=\"elementor-button-wrapper\">\n\t\t\t\t\t<a class=\"elementor-button elementor-button-link elementor-size-sm elementor-animation-grow\" href=\"https:\/\/go.alphaeoncredit.com\/credit-portal\/apply\" target=\"_blank\" rel=\"noopener\">\n\t\t\t\t\t\t<span class=\"elementor-button-content-wrapper\">\n\t\t\t\t\t\t\t\t\t<span class=\"elementor-button-text\">SOLICITAR AHORA<\/span>\n\t\t\t\t\t<\/span>\n\t\t\t\t\t<\/a>\n\t\t\t\t<\/div>\n\t\t\t\t\t\t\t\t<\/div>\n\t\t\t\t<\/div>\n\t\t\t\t<\/div>\n\t\t\t\t<div class=\"elementor-element elementor-element-fc191ee elementor-absolute elementor-widget elementor-widget-image\" data-id=\"fc191ee\" data-element_type=\"widget\" data-e-type=\"widget\" data-settings=\"{&quot;_position&quot;:&quot;absolute&quot;}\" data-widget_type=\"image.default\">\n\t\t\t\t<div class=\"elementor-widget-container\">\n\t\t\t\t\t\t\t\t\t\t\t\t\t\t\t<img loading=\"lazy\" decoding=\"async\" width=\"106\" height=\"104\" src=\"https:\/\/revitalize.vip\/wp-content\/uploads\/2024\/03\/Recurso-1.svg\" class=\"attachment-large size-large wp-image-1619\" alt=\"\" \/>\t\t\t\t\t\t\t\t\t\t\t\t\t\t\t<\/div>\n\t\t\t\t<\/div>\n\t\t\t\t\t<\/div>\n\t\t\t\t<\/div>\n\t\t<div class=\"elementor-element elementor-element-1cdb6c4 e-flex e-con-boxed e-con e-parent\" data-id=\"1cdb6c4\" data-element_type=\"container\" data-e-type=\"container\" data-settings=\"{&quot;background_background&quot;:&quot;classic&quot;}\">\n\t\t\t\t\t<div class=\"e-con-inner\">\n\t\t\t\t<div class=\"elementor-element elementor-element-56baa59 elementor-invisible elementor-widget elementor-widget-heading\" data-id=\"56baa59\" data-element_type=\"widget\" data-e-type=\"widget\" data-settings=\"{&quot;_animation&quot;:&quot;zoomIn&quot;}\" data-widget_type=\"heading.default\">\n\t\t\t\t<div class=\"elementor-widget-container\">\n\t\t\t\t\t<h2 class=\"elementor-heading-title elementor-size-default\">RESERVAR UNA CONSULTA<\/h2>\t\t\t\t<\/div>\n\t\t\t\t<\/div>\n\t\t<div class=\"elementor-element elementor-element-2c07223 e-flex e-con-boxed e-con e-child\" data-id=\"2c07223\" data-element_type=\"container\" data-e-type=\"container\">\n\t\t\t\t\t<div class=\"e-con-inner\">\n\t\t\t\t<div class=\"elementor-element elementor-element-bfce0ad elementor-align-center elementor-widget__width-inherit elementor-invisible elementor-widget elementor-widget-button\" data-id=\"bfce0ad\" data-element_type=\"widget\" data-e-type=\"widget\" data-settings=\"{&quot;_animation&quot;:&quot;zoomIn&quot;,&quot;_animation_delay&quot;:200}\" data-widget_type=\"button.default\">\n\t\t\t\t<div class=\"elementor-widget-container\">\n\t\t\t\t\t\t\t\t\t<div class=\"elementor-button-wrapper\">\n\t\t\t\t\t<a class=\"elementor-button elementor-button-link elementor-size-sm elementor-animation-grow\" href=\"https:\/\/form.jotform.com\/233374706473157\" target=\"_blank\" rel=\"noopener\">\n\t\t\t\t\t\t<span class=\"elementor-button-content-wrapper\">\n\t\t\t\t\t\t\t\t\t<span class=\"elementor-button-text\">COMIENZA TU CAMINO<\/span>\n\t\t\t\t\t<\/span>\n\t\t\t\t\t<\/a>\n\t\t\t\t<\/div>\n\t\t\t\t\t\t\t\t<\/div>\n\t\t\t\t<\/div>\n\t\t\t\t\t<\/div>\n\t\t\t\t<\/div>\n\t\t\t\t\t<\/div>\n\t\t\t\t<\/div>\n\t\t\t\t<\/div>\n\t\t","protected":false},"excerpt":{"rendered":"<p>Home \u00bfNecesita ayuda para financiar su atenci\u00f3n sanitaria? Muchos de nuestros pacientes han descubierto que la financiaci\u00f3n puede ser una forma c\u00f3moda y asequible de alcanzar sus objetivos est\u00e9ticos. Con los planes de pago flexibles, puede distribuir el coste de su procedimiento y evitar un pago inicial significativo. Trabajamos con dos socios financieros que ofrecen [&hellip;]<\/p>\n","protected":false},"author":1,"featured_media":0,"parent":0,"menu_order":0,"comment_status":"closed","ping_status":"closed","template":"","meta":{"footnotes":""},"class_list":["post-3455","page","type-page","status-publish","hentry"],"_links":{"self":[{"href":"https:\/\/revitalize.vip\/es\/wp-json\/wp\/v2\/pages\/3455","targetHints":{"allow":["GET"]}}],"collection":[{"href":"https:\/\/revitalize.vip\/es\/wp-json\/wp\/v2\/pages"}],"about":[{"href":"https:\/\/revitalize.vip\/es\/wp-json\/wp\/v2\/types\/page"}],"author":[{"embeddable":true,"href":"https:\/\/revitalize.vip\/es\/wp-json\/wp\/v2\/users\/1"}],"replies":[{"embeddable":true,"href":"https:\/\/revitalize.vip\/es\/wp-json\/wp\/v2\/comments?post=3455"}],"version-history":[{"count":1,"href":"https:\/\/revitalize.vip\/es\/wp-json\/wp\/v2\/pages\/3455\/revisions"}],"predecessor-version":[{"id":3456,"href":"https:\/\/revitalize.vip\/es\/wp-json\/wp\/v2\/pages\/3455\/revisions\/3456"}],"wp:attachment":[{"href":"https:\/\/revitalize.vip\/es\/wp-json\/wp\/v2\/media?parent=3455"}],"curies":[{"name":"wp","href":"https:\/\/api.w.org\/{rel}","templated":true}]}}